{"id":2968,"date":"2021-07-13T21:28:05","date_gmt":"2021-07-14T02:28:05","guid":{"rendered":"https:\/\/www.plamere-plasmapen.com\/producto\/crema-regeneradora-plaxpot\/"},"modified":"2022-08-08T18:08:14","modified_gmt":"2022-08-08T18:08:14","slug":"plaxpot-regeneration-cream-2","status":"publish","type":"product","link":"https:\/\/www.plamere-plasmapen.com\/es\/producto\/plaxpot-regeneration-cream-2\/","title":{"rendered":"Crema Regeneradora Plaxpot"},"content":{"rendered":"<p>Crema Regeneradora Plaxpot<\/p>\n<p>Efecto mayor<\/p>\n<div dir=\"auto\"><\/div>\n<div dir=\"auto\">Efecto hidratante y calmante Excelente para la hidrataci\u00f3n, heridas e inflamaci\u00f3n de la piel seca, controlando el equilibrio de sebo y agua.<\/div>\n<div dir=\"auto\">Funci\u00f3n antiinflamatoria y antioxidante Eficaz en el tratamiento del acn\u00e9 y antienvejecimiento, bueno para calmar la piel<\/div>\n<div dir=\"auto\">Mejorar Elasty Ayuda a aliviar el movimiento de los m\u00fasculos de la piel que causan arrugas y aumenta la elasticidad de la piel.<\/div>\n<div dir=\"auto\">Estable, efectivo, no irritante para afecciones de la piel y efectivo para pieles sensibles como jabones, limpiadores, lociones, geles y cremas<\/div>\n<div dir=\"auto\"><\/div>\n<div dir=\"auto\">C\u00f3mo utilizar<\/div>\n<div dir=\"auto\">Aplique cierta cantidad de crema en la piel de manera uniforme 2 o 3 veces al d\u00eda durante la primera semana despu\u00e9s del tratamiento con Plamere.<\/div>\n","protected":false},"excerpt":{"rendered":"<p>Crema Regeneradora Plaxpot Efecto mayor Efecto hidratante y calmante Excelente para la hidrataci\u00f3n, heridas e inflamaci\u00f3n de la piel seca, controlando el equilibrio de sebo y agua. Funci\u00f3n antiinflamatoria y antioxidante Eficaz en el tratamiento del acn\u00e9 y antienvejecimiento, bueno para calmar la piel Mejorar Elasty Ayuda a aliviar el movimiento de los m\u00fasculos de &hellip;<\/p>\n<p class=\"read-more\"> <a class=\"\" href=\"https:\/\/www.plamere-plasmapen.com\/es\/producto\/plaxpot-regeneration-cream-2\/\"> <span class=\"screen-reader-text\">Crema Regeneradora Plaxpot<\/span> Leer m\u00e1s &raquo;<\/a><\/p>\n","protected":false},"featured_media":3156,"comment_status":"open","ping_status":"closed","template":"","meta":{"_monsterinsights_skip_tracking":false,"_monsterinsights_sitenote_active":false,"_monsterinsights_sitenote_note":"","_monsterinsights_sitenote_category":0,"site-sidebar-layout":"default","site-content-layout":"default","ast-global-header-display":"","ast-main-header-display":"","ast-hfb-above-header-display":"","ast-hfb-below-header-display":"","ast-hfb-mobile-header-display":"","site-post-title":"","ast-breadcrumbs-content":"","ast-featured-img":"","footer-sml-layout":"","theme-transparent-header-meta":"default","adv-header-id-meta":"","stick-header-meta":"","header-above-stick-meta":"","header-main-stick-meta":"","header-below-stick-meta":""},"product_brand":[],"product_cat":[83],"product_tag":[118],"class_list":{"0":"post-2968","1":"product","2":"type-product","3":"status-publish","4":"has-post-thumbnail","6":"product_cat-productos","7":"product_tag-crema-regeneradora-plaxpot","9":"first","10":"instock","11":"sale","12":"taxable","13":"shipping-taxable","14":"purchasable","15":"product-type-simple"},"yoast_head":"<!-- This site is optimized with the Yoast SEO plugin v24.5 - https:\/\/yoast.com\/wordpress\/plugins\/seo\/ -->\n<title>Crema Regeneradora Plaxpot - Plamere-PlasmaPen<\/title>\n<meta name=\"description\" content=\"Crema Regeneradora Plaxpot Efecto Hidratante y Calmante Excelente para la hidrataci\u00f3n, heridas e inflamaci\u00f3n de la piel seca, controlando el sebo y el agua.\" \/>\n<meta name=\"robots\" content=\"index, follow, max-snippet:-1, max-image-preview:large, max-video-preview:-1\" \/>\n<link rel=\"canonical\" href=\"https:\/\/www.plamere-plasmapen.com\/es\/producto\/plaxpot-regeneration-cream-2\/\" \/>\n<meta property=\"og:locale\" content=\"es_ES\" \/>\n<meta property=\"og:type\" content=\"article\" \/>\n<meta property=\"og:title\" content=\"Crema Regeneradora Plaxpot - Plamere-PlasmaPen\" \/>\n<meta property=\"og:description\" content=\"Crema Regeneradora Plaxpot Efecto Hidratante y Calmante Excelente para la hidrataci\u00f3n, heridas e inflamaci\u00f3n de la piel seca, controlando el sebo y el agua.\" \/>\n<meta property=\"og:url\" content=\"https:\/\/www.plamere-plasmapen.com\/es\/producto\/plaxpot-regeneration-cream-2\/\" \/>\n<meta property=\"og:site_name\" content=\"Plamere-PlasmaPen\" \/>\n<meta property=\"article:modified_time\" content=\"2022-08-08T18:08:14+00:00\" \/>\n<meta property=\"og:image\" content=\"https:\/\/www.plamere-plasmapen.com\/wp-content\/uploads\/2021\/07\/Plaxpot_Cream_-_Regeneration_Cream_for_Aftercare_of_the_skin_2-scaled.jpg\" \/>\n\t<meta property=\"og:image:width\" content=\"2262\" \/>\n\t<meta property=\"og:image:height\" content=\"2560\" \/>\n\t<meta property=\"og:image:type\" content=\"image\/jpeg\" \/>\n<meta name=\"twitter:card\" content=\"summary_large_image\" \/>\n<meta name=\"twitter:label1\" content=\"Tiempo de lectura\" \/>\n\t<meta name=\"twitter:data1\" content=\"1 minuto\" \/>\n<script type=\"application\/ld+json\" class=\"yoast-schema-graph\">{\"@context\":\"https:\/\/schema.org\",\"@graph\":[{\"@type\":\"WebPage\",\"@id\":\"https:\/\/www.plamere-plasmapen.com\/es\/producto\/plaxpot-regeneration-cream-2\/\",\"url\":\"https:\/\/www.plamere-plasmapen.com\/es\/producto\/plaxpot-regeneration-cream-2\/\",\"name\":\"Crema Regeneradora Plaxpot - Plamere-PlasmaPen\",\"isPartOf\":{\"@id\":\"https:\/\/www.plamere-plasmapen.com\/#website\"},\"primaryImageOfPage\":{\"@id\":\"https:\/\/www.plamere-plasmapen.com\/es\/producto\/plaxpot-regeneration-cream-2\/#primaryimage\"},\"image\":{\"@id\":\"https:\/\/www.plamere-plasmapen.com\/es\/producto\/plaxpot-regeneration-cream-2\/#primaryimage\"},\"thumbnailUrl\":\"https:\/\/www.plamere-plasmapen.com\/wp-content\/uploads\/2021\/07\/Plaxpot_Cream_-_Regeneration_Cream_for_Aftercare_of_the_skin_2-scaled.jpg\",\"datePublished\":\"2021-07-14T02:28:05+00:00\",\"dateModified\":\"2022-08-08T18:08:14+00:00\",\"description\":\"Crema Regeneradora Plaxpot Efecto Hidratante y Calmante Excelente para la hidrataci\u00f3n, heridas e inflamaci\u00f3n de la piel seca, controlando el sebo y el agua.\",\"breadcrumb\":{\"@id\":\"https:\/\/www.plamere-plasmapen.com\/es\/producto\/plaxpot-regeneration-cream-2\/#breadcrumb\"},\"inLanguage\":\"es\",\"potentialAction\":[{\"@type\":\"ReadAction\",\"target\":[\"https:\/\/www.plamere-plasmapen.com\/es\/producto\/plaxpot-regeneration-cream-2\/\"]}]},{\"@type\":\"ImageObject\",\"inLanguage\":\"es\",\"@id\":\"https:\/\/www.plamere-plasmapen.com\/es\/producto\/plaxpot-regeneration-cream-2\/#primaryimage\",\"url\":\"https:\/\/www.plamere-plasmapen.com\/wp-content\/uploads\/2021\/07\/Plaxpot_Cream_-_Regeneration_Cream_for_Aftercare_of_the_skin_2-scaled.jpg\",\"contentUrl\":\"https:\/\/www.plamere-plasmapen.com\/wp-content\/uploads\/2021\/07\/Plaxpot_Cream_-_Regeneration_Cream_for_Aftercare_of_the_skin_2-scaled.jpg\",\"width\":2262,\"height\":2560},{\"@type\":\"BreadcrumbList\",\"@id\":\"https:\/\/www.plamere-plasmapen.com\/es\/producto\/plaxpot-regeneration-cream-2\/#breadcrumb\",\"itemListElement\":[{\"@type\":\"ListItem\",\"position\":1,\"name\":\"Portada\",\"item\":\"https:\/\/www.plamere-plasmapen.com\/es\/\"},{\"@type\":\"ListItem\",\"position\":2,\"name\":\"Shop\",\"item\":\"https:\/\/www.plamere-plasmapen.com\/shop\/\"},{\"@type\":\"ListItem\",\"position\":3,\"name\":\"Crema Regeneradora Plaxpot\"}]},{\"@type\":\"WebSite\",\"@id\":\"https:\/\/www.plamere-plasmapen.com\/#website\",\"url\":\"https:\/\/www.plamere-plasmapen.com\/\",\"name\":\"Plamere-PlasmaPen\",\"description\":\"My WordPress Blog\",\"publisher\":{\"@id\":\"https:\/\/www.plamere-plasmapen.com\/#organization\"},\"potentialAction\":[{\"@type\":\"SearchAction\",\"target\":{\"@type\":\"EntryPoint\",\"urlTemplate\":\"https:\/\/www.plamere-plasmapen.com\/?s={search_term_string}\"},\"query-input\":{\"@type\":\"PropertyValueSpecification\",\"valueRequired\":true,\"valueName\":\"search_term_string\"}}],\"inLanguage\":\"es\"},{\"@type\":\"Organization\",\"@id\":\"https:\/\/www.plamere-plasmapen.com\/#organization\",\"name\":\"Plamere-PlasmaPen\",\"url\":\"https:\/\/www.plamere-plasmapen.com\/\",\"logo\":{\"@type\":\"ImageObject\",\"inLanguage\":\"es\",\"@id\":\"https:\/\/www.plamere-plasmapen.com\/#\/schema\/logo\/image\/\",\"url\":\"https:\/\/www.plamere-plasmapen.com\/wp-content\/uploads\/2021\/07\/cropped-Plamere-Custom-Logo-FINAL-1.png\",\"contentUrl\":\"https:\/\/www.plamere-plasmapen.com\/wp-content\/uploads\/2021\/07\/cropped-Plamere-Custom-Logo-FINAL-1.png\",\"width\":1601,\"height\":1329,\"caption\":\"Plamere-PlasmaPen\"},\"image\":{\"@id\":\"https:\/\/www.plamere-plasmapen.com\/#\/schema\/logo\/image\/\"}}]}<\/script>\n<!-- \/ Yoast SEO plugin. -->","yoast_head_json":{"title":"Crema Regeneradora Plaxpot - Plamere-PlasmaPen","description":"Crema Regeneradora Plaxpot Efecto Hidratante y Calmante Excelente para la hidrataci\u00f3n, heridas e inflamaci\u00f3n de la piel seca, controlando el sebo y el agua.","robots":{"index":"index","follow":"follow","max-snippet":"max-snippet:-1","max-image-preview":"max-image-preview:large","max-video-preview":"max-video-preview:-1"},"canonical":"https:\/\/www.plamere-plasmapen.com\/es\/producto\/plaxpot-regeneration-cream-2\/","og_locale":"es_ES","og_type":"article","og_title":"Crema Regeneradora Plaxpot - Plamere-PlasmaPen","og_description":"Crema Regeneradora Plaxpot Efecto Hidratante y Calmante Excelente para la hidrataci\u00f3n, heridas e inflamaci\u00f3n de la piel seca, controlando el sebo y el agua.","og_url":"https:\/\/www.plamere-plasmapen.com\/es\/producto\/plaxpot-regeneration-cream-2\/","og_site_name":"Plamere-PlasmaPen","article_modified_time":"2022-08-08T18:08:14+00:00","og_image":[{"width":2262,"height":2560,"url":"https:\/\/www.plamere-plasmapen.com\/wp-content\/uploads\/2021\/07\/Plaxpot_Cream_-_Regeneration_Cream_for_Aftercare_of_the_skin_2-scaled.jpg","type":"image\/jpeg"}],"twitter_card":"summary_large_image","twitter_misc":{"Tiempo de lectura":"1 minuto"},"schema":{"@context":"https:\/\/schema.org","@graph":[{"@type":"WebPage","@id":"https:\/\/www.plamere-plasmapen.com\/es\/producto\/plaxpot-regeneration-cream-2\/","url":"https:\/\/www.plamere-plasmapen.com\/es\/producto\/plaxpot-regeneration-cream-2\/","name":"Crema Regeneradora Plaxpot - Plamere-PlasmaPen","isPartOf":{"@id":"https:\/\/www.plamere-plasmapen.com\/#website"},"primaryImageOfPage":{"@id":"https:\/\/www.plamere-plasmapen.com\/es\/producto\/plaxpot-regeneration-cream-2\/#primaryimage"},"image":{"@id":"https:\/\/www.plamere-plasmapen.com\/es\/producto\/plaxpot-regeneration-cream-2\/#primaryimage"},"thumbnailUrl":"https:\/\/www.plamere-plasmapen.com\/wp-content\/uploads\/2021\/07\/Plaxpot_Cream_-_Regeneration_Cream_for_Aftercare_of_the_skin_2-scaled.jpg","datePublished":"2021-07-14T02:28:05+00:00","dateModified":"2022-08-08T18:08:14+00:00","description":"Crema Regeneradora Plaxpot Efecto Hidratante y Calmante Excelente para la hidrataci\u00f3n, heridas e inflamaci\u00f3n de la piel seca, controlando el sebo y el agua.","breadcrumb":{"@id":"https:\/\/www.plamere-plasmapen.com\/es\/producto\/plaxpot-regeneration-cream-2\/#breadcrumb"},"inLanguage":"es","potentialAction":[{"@type":"ReadAction","target":["https:\/\/www.plamere-plasmapen.com\/es\/producto\/plaxpot-regeneration-cream-2\/"]}]},{"@type":"ImageObject","inLanguage":"es","@id":"https:\/\/www.plamere-plasmapen.com\/es\/producto\/plaxpot-regeneration-cream-2\/#primaryimage","url":"https:\/\/www.plamere-plasmapen.com\/wp-content\/uploads\/2021\/07\/Plaxpot_Cream_-_Regeneration_Cream_for_Aftercare_of_the_skin_2-scaled.jpg","contentUrl":"https:\/\/www.plamere-plasmapen.com\/wp-content\/uploads\/2021\/07\/Plaxpot_Cream_-_Regeneration_Cream_for_Aftercare_of_the_skin_2-scaled.jpg","width":2262,"height":2560},{"@type":"BreadcrumbList","@id":"https:\/\/www.plamere-plasmapen.com\/es\/producto\/plaxpot-regeneration-cream-2\/#breadcrumb","itemListElement":[{"@type":"ListItem","position":1,"name":"Portada","item":"https:\/\/www.plamere-plasmapen.com\/es\/"},{"@type":"ListItem","position":2,"name":"Shop","item":"https:\/\/www.plamere-plasmapen.com\/shop\/"},{"@type":"ListItem","position":3,"name":"Crema Regeneradora Plaxpot"}]},{"@type":"WebSite","@id":"https:\/\/www.plamere-plasmapen.com\/#website","url":"https:\/\/www.plamere-plasmapen.com\/","name":"Plamere-PlasmaPen","description":"My WordPress Blog","publisher":{"@id":"https:\/\/www.plamere-plasmapen.com\/#organization"},"potentialAction":[{"@type":"SearchAction","target":{"@type":"EntryPoint","urlTemplate":"https:\/\/www.plamere-plasmapen.com\/?s={search_term_string}"},"query-input":{"@type":"PropertyValueSpecification","valueRequired":true,"valueName":"search_term_string"}}],"inLanguage":"es"},{"@type":"Organization","@id":"https:\/\/www.plamere-plasmapen.com\/#organization","name":"Plamere-PlasmaPen","url":"https:\/\/www.plamere-plasmapen.com\/","logo":{"@type":"ImageObject","inLanguage":"es","@id":"https:\/\/www.plamere-plasmapen.com\/#\/schema\/logo\/image\/","url":"https:\/\/www.plamere-plasmapen.com\/wp-content\/uploads\/2021\/07\/cropped-Plamere-Custom-Logo-FINAL-1.png","contentUrl":"https:\/\/www.plamere-plasmapen.com\/wp-content\/uploads\/2021\/07\/cropped-Plamere-Custom-Logo-FINAL-1.png","width":1601,"height":1329,"caption":"Plamere-PlasmaPen"},"image":{"@id":"https:\/\/www.plamere-plasmapen.com\/#\/schema\/logo\/image\/"}}]}},"_links":{"self":[{"href":"https:\/\/www.plamere-plasmapen.com\/es\/wp-json\/wp\/v2\/product\/2968","targetHints":{"allow":["GET"]}}],"collection":[{"href":"https:\/\/www.plamere-plasmapen.com\/es\/wp-json\/wp\/v2\/product"}],"about":[{"href":"https:\/\/www.plamere-plasmapen.com\/es\/wp-json\/wp\/v2\/types\/product"}],"replies":[{"embeddable":true,"href":"https:\/\/www.plamere-plasmapen.com\/es\/wp-json\/wp\/v2\/comments?post=2968"}],"wp:featuredmedia":[{"embeddable":true,"href":"https:\/\/www.plamere-plasmapen.com\/es\/wp-json\/wp\/v2\/media\/3156"}],"wp:attachment":[{"href":"https:\/\/www.plamere-plasmapen.com\/es\/wp-json\/wp\/v2\/media?parent=2968"}],"wp:term":[{"taxonomy":"product_brand","embeddable":true,"href":"https:\/\/www.plamere-plasmapen.com\/es\/wp-json\/wp\/v2\/product_brand?post=2968"},{"taxonomy":"product_cat","embeddable":true,"href":"https:\/\/www.plamere-plasmapen.com\/es\/wp-json\/wp\/v2\/product_cat?post=2968"},{"taxonomy":"product_tag","embeddable":true,"href":"https:\/\/www.plamere-plasmapen.com\/es\/wp-json\/wp\/v2\/product_tag?post=2968"}],"curies":[{"name":"wp","href":"https:\/\/api.w.org\/{rel}","templated":true}]}}